{"id":1735,"date":"2025-06-17T20:51:14","date_gmt":"2025-06-17T20:51:14","guid":{"rendered":"https:\/\/stage.safe-academy.org\/?page_id=1735"},"modified":"2025-07-07T16:38:39","modified_gmt":"2025-07-07T14:38:39","slug":"declaration-relative-aux-cookies","status":"publish","type":"page","link":"https:\/\/stage.safe-academy.org\/fr\/cookieverklaring\/","title":{"rendered":"D\u00e9claration de cookie"},"content":{"rendered":"<div data-elementor-type=\"wp-page\" data-elementor-id=\"1735\" class=\"elementor elementor-1735\" data-elementor-post-type=\"page\">\n\t\t\t\t<div class=\"elementor-element elementor-element-3333af0 e-flex e-con-boxed e-con e-parent\" data-id=\"3333af0\" data-element_type=\"container\" data-e-type=\"container\" data-settings=\"{&quot;background_background&quot;:&quot;classic&quot;}\">\n\t\t\t\t\t<div class=\"e-con-inner\">\n\t\t<div class=\"elementor-element elementor-element-65c7d0f e-con-full e-flex e-con e-child\" data-id=\"65c7d0f\" data-element_type=\"container\" data-e-type=\"container\">\n\t\t\t\t<div class=\"elementor-element elementor-element-f0029d4 elementor-widget elementor-widget-heading\" data-id=\"f0029d4\" data-element_type=\"widget\" data-e-type=\"widget\" data-widget_type=\"heading.default\">\n\t\t\t\t<div class=\"elementor-widget-container\">\n\t\t\t\t\t<h2 class=\"elementor-heading-title elementor-size-default\">D\u00e9claration de cookie<\/h2>\t\t\t\t<\/div>\n\t\t\t\t<\/div>\n\t\t\t\t<div class=\"elementor-element elementor-element-c85022b elementor-widget elementor-widget-shortcode\" data-id=\"c85022b\" data-element_type=\"widget\" data-e-type=\"widget\" data-widget_type=\"shortcode.default\">\n\t\t\t\t<div class=\"elementor-widget-container\">\n\t\t\t\t\t\t\t<div class=\"elementor-shortcode\"><p data-start=\"430\" data-end=\"593\">Ce site web utilise des cookies. Dans cette d\u00e9claration relative aux cookies, nous expliquons ce que sont les cookies, quels sont ceux que nous utilisons et comment g\u00e9rer vos pr\u00e9f\u00e9rences.<\/p>\n<h3 data-start=\"600\" data-end=\"624\">1. Qu'est-ce qu'un cookie ?<\/h3>\n<p data-start=\"626\" data-end=\"830\">Les cookies sont de petits fichiers texte qui sont stock\u00e9s sur votre appareil lorsque vous visitez un site web. Ils permettent au site de fonctionner correctement et peuvent collecter des informations sur la fa\u00e7on dont vous utilisez le site.<\/p>\n<h3 data-start=\"837\" data-end=\"872\">2. Quels sont les cookies que nous utilisons ?<\/h3>\n<h4 data-start=\"874\" data-end=\"911\">a. Cookies fonctionnels (obligatoires)<\/h4>\n<p data-start=\"912\" data-end=\"1061\">Ces cookies sont n\u00e9cessaires au bon fonctionnement du site web. Par exemple, ils m\u00e9morisent vos pr\u00e9f\u00e9rences en mati\u00e8re de cookies ou le contenu d'un formulaire.<\/p>\n<blockquote data-start=\"1063\" data-end=\"1111\">\n<p data-start=\"1065\" data-end=\"1111\">Aucun consentement n'est requis pour ces cookies.<\/p>\n<\/blockquote>\n<h4 data-start=\"1113\" data-end=\"1157\">b. Cookies analytiques (anonymes)<\/h4>\n<p data-start=\"1158\" data-end=\"1455\">\u00c0 l'aide de Google Analytics, par exemple, nous recueillons des donn\u00e9es sur l'utilisation de notre site web. Pensez aux pages visit\u00e9es, \u00e0 la dur\u00e9e de votre visite sur le site et \u00e0 l'appareil que vous utilisez. Ces donn\u00e9es sont totalement anonymes et ne permettent pas de vous identifier.<\/p>\n<blockquote data-start=\"1457\" data-end=\"1512\">\n<p data-start=\"1459\" data-end=\"1512\">Nous n'installons ces cookies qu'avec votre consentement.<\/p>\n<\/blockquote>\n<h4 data-start=\"1514\" data-end=\"1563\">c. Cookies de marketing et de suivi (facultatifs)<\/h4>\n<p data-start=\"1564\" data-end=\"1746\">Ces cookies sont utilis\u00e9s pour suivre le comportement de navigation sur diff\u00e9rents sites web. Cela nous permet de vous pr\u00e9senter des publicit\u00e9s pertinentes sur d'autres plateformes (telles que Facebook ou Google).<\/p>\n<blockquote data-start=\"1748\" data-end=\"1832\">\n<p data-start=\"1750\" data-end=\"1832\">Ces cookies ne sont install\u00e9s que si vous donnez votre consentement explicite.<\/p>\n<\/blockquote>\n<h3 data-start=\"1839\" data-end=\"1870\">3. Gestion des pr\u00e9f\u00e9rences en mati\u00e8re de cookies<\/h3>\n<p data-start=\"1872\" data-end=\"2086\">Lors de votre premi\u00e8re visite sur notre site web, vous recevrez une notification de cookie vous permettant de d\u00e9finir vos pr\u00e9f\u00e9rences. Vous pouvez retirer ou modifier votre consentement \u00e0 tout moment via les param\u00e8tres des cookies au bas de cette page.<\/p>\n<p data-start=\"2088\" data-end=\"2160\">En outre, vous pouvez supprimer les cookies via les param\u00e8tres de votre navigateur.<\/p>\n<h3 data-start=\"2167\" data-end=\"2192\">4. H\u00e9bergement et technologie<\/h3>\n<p data-start=\"2194\" data-end=\"2399\">Ce site web est d\u00e9tenu et exploit\u00e9 techniquement par <a href=\"https:\/\/surver.nl\" target=\"_blank\" rel=\"noopener\">Surver B.V.<\/a>. Surver assure un h\u00e9bergement s\u00e9curis\u00e9 et une mise en \u0153uvre ad\u00e9quate de la gestion des cookies conform\u00e9ment \u00e0 la l\u00e9gislation applicable.<\/p>\n<h3 data-start=\"2406\" data-end=\"2420\">5. Des questions ?<\/h3>\n<p data-start=\"2422\" data-end=\"2528\">Pour toute question concernant l'utilisation des cookies, veuillez contacter Surver B.V. \u00e0 l'adresse support@surver.nl.<\/p>\n<\/div>\n\t\t\t\t\t\t<\/div>\n\t\t\t\t<\/div>\n\t\t\t\t<\/div>\n\t\t\t\t\t<\/div>\n\t\t\t\t<\/div>\n\t\t\t\t<\/div>","protected":false},"excerpt":{"rendered":"","protected":false},"author":1,"featured_media":0,"parent":0,"menu_order":0,"comment_status":"closed","ping_status":"closed","template":"","meta":{"_acf_changed":false,"footnotes":""},"class_list":["post-1735","page","type-page","status-publish","hentry"],"blocksy_meta":[],"acf":[],"_links":{"self":[{"href":"https:\/\/stage.safe-academy.org\/fr\/wp-json\/wp\/v2\/pages\/1735","targetHints":{"allow":["GET"]}}],"collection":[{"href":"https:\/\/stage.safe-academy.org\/fr\/wp-json\/wp\/v2\/pages"}],"about":[{"href":"https:\/\/stage.safe-academy.org\/fr\/wp-json\/wp\/v2\/types\/page"}],"author":[{"embeddable":true,"href":"https:\/\/stage.safe-academy.org\/fr\/wp-json\/wp\/v2\/users\/1"}],"replies":[{"embeddable":true,"href":"https:\/\/stage.safe-academy.org\/fr\/wp-json\/wp\/v2\/comments?post=1735"}],"version-history":[{"count":10,"href":"https:\/\/stage.safe-academy.org\/fr\/wp-json\/wp\/v2\/pages\/1735\/revisions"}],"predecessor-version":[{"id":2200,"href":"https:\/\/stage.safe-academy.org\/fr\/wp-json\/wp\/v2\/pages\/1735\/revisions\/2200"}],"wp:attachment":[{"href":"https:\/\/stage.safe-academy.org\/fr\/wp-json\/wp\/v2\/media?parent=1735"}],"curies":[{"name":"wp","href":"https:\/\/api.w.org\/{rel}","templated":true}]}}