{"id":1735,"date":"2025-06-17T20:51:14","date_gmt":"2025-06-17T20:51:14","guid":{"rendered":"https:\/\/stage.safe-academy.org\/?page_id=1735"},"modified":"2025-07-07T16:38:39","modified_gmt":"2025-07-07T14:38:39","slug":"declaracion-de-cookies","status":"publish","type":"page","link":"https:\/\/stage.safe-academy.org\/es\/cookieverklaring\/","title":{"rendered":"Declaraci\u00f3n sobre cookies"},"content":{"rendered":"<div data-elementor-type=\"wp-page\" data-elementor-id=\"1735\" class=\"elementor elementor-1735\" data-elementor-post-type=\"page\">\n\t\t\t\t<div class=\"elementor-element elementor-element-3333af0 e-flex e-con-boxed e-con e-parent\" data-id=\"3333af0\" data-element_type=\"container\" data-e-type=\"container\" data-settings=\"{&quot;background_background&quot;:&quot;classic&quot;}\">\n\t\t\t\t\t<div class=\"e-con-inner\">\n\t\t<div class=\"elementor-element elementor-element-65c7d0f e-con-full e-flex e-con e-child\" data-id=\"65c7d0f\" data-element_type=\"container\" data-e-type=\"container\">\n\t\t\t\t<div class=\"elementor-element elementor-element-f0029d4 elementor-widget elementor-widget-heading\" data-id=\"f0029d4\" data-element_type=\"widget\" data-e-type=\"widget\" data-widget_type=\"heading.default\">\n\t\t\t\t<div class=\"elementor-widget-container\">\n\t\t\t\t\t<h2 class=\"elementor-heading-title elementor-size-default\">Declaraci\u00f3n sobre cookies<\/h2>\t\t\t\t<\/div>\n\t\t\t\t<\/div>\n\t\t\t\t<div class=\"elementor-element elementor-element-c85022b elementor-widget elementor-widget-shortcode\" data-id=\"c85022b\" data-element_type=\"widget\" data-e-type=\"widget\" data-widget_type=\"shortcode.default\">\n\t\t\t\t<div class=\"elementor-widget-container\">\n\t\t\t\t\t\t\t<div class=\"elementor-shortcode\"><p data-start=\"430\" data-end=\"593\">Este sitio web utiliza cookies. En esta declaraci\u00f3n de cookies, explicamos qu\u00e9 son las cookies, qu\u00e9 cookies utilizamos y c\u00f3mo gestionar sus preferencias.<\/p>\n<h3 data-start=\"600\" data-end=\"624\">1. \u00bfQu\u00e9 son las cookies?<\/h3>\n<p data-start=\"626\" data-end=\"830\">Las cookies son peque\u00f1os archivos de texto que se almacenan en su dispositivo cuando visita un sitio web. Hacen que el sitio funcione correctamente y pueden recopilar informaci\u00f3n sobre c\u00f3mo lo utiliza.<\/p>\n<h3 data-start=\"837\" data-end=\"872\">2. \u00bfQu\u00e9 cookies utilizamos?<\/h3>\n<h4 data-start=\"874\" data-end=\"911\">a. Cookies funcionales (obligatorias)<\/h4>\n<p data-start=\"912\" data-end=\"1061\">Estas cookies son necesarias para el correcto funcionamiento del sitio web. Por ejemplo, recuerdan sus preferencias de cookies o el contenido de un formulario.<\/p>\n<blockquote data-start=\"1063\" data-end=\"1111\">\n<p data-start=\"1065\" data-end=\"1111\">No se requiere consentimiento para estas cookies.<\/p>\n<\/blockquote>\n<h4 data-start=\"1113\" data-end=\"1157\">b. Cookies anal\u00edticas (anonimizadas)<\/h4>\n<p data-start=\"1158\" data-end=\"1455\">Mediante Google Analytics, por ejemplo, recopilamos datos sobre el uso de nuestro sitio web. Por ejemplo, qu\u00e9 p\u00e1ginas se visitan, cu\u00e1nto tiempo se permanece en el sitio y qu\u00e9 dispositivo se utiliza. Estos datos son totalmente an\u00f3nimos y no pueden identificarle a usted como persona.<\/p>\n<blockquote data-start=\"1457\" data-end=\"1512\">\n<p data-start=\"1459\" data-end=\"1512\">S\u00f3lo instalamos estas cookies con su consentimiento.<\/p>\n<\/blockquote>\n<h4 data-start=\"1514\" data-end=\"1563\">c. Cookies de marketing y seguimiento (opcional)<\/h4>\n<p data-start=\"1564\" data-end=\"1746\">Estas cookies se utilizan para rastrear el comportamiento de navegaci\u00f3n en diferentes sitios web. Esto nos permite mostrarle anuncios relevantes en otras plataformas (como Facebook o Google).<\/p>\n<blockquote data-start=\"1748\" data-end=\"1832\">\n<p data-start=\"1750\" data-end=\"1832\">Estas cookies s\u00f3lo se instalan si usted da su consentimiento expl\u00edcito.<\/p>\n<\/blockquote>\n<h3 data-start=\"1839\" data-end=\"1870\">3. Gesti\u00f3n de las preferencias de cookies<\/h3>\n<p data-start=\"1872\" data-end=\"2086\">En su primera visita a nuestro sitio web, recibir\u00e1 una notificaci\u00f3n de cookies que le permitir\u00e1 configurar sus preferencias. Puede retirar o cambiar su consentimiento en cualquier momento a trav\u00e9s de la configuraci\u00f3n de cookies en la parte inferior de esta p\u00e1gina.<\/p>\n<p data-start=\"2088\" data-end=\"2160\">Adem\u00e1s, puede eliminar las cookies a trav\u00e9s de la configuraci\u00f3n de su navegador.<\/p>\n<h3 data-start=\"2167\" data-end=\"2192\">4. Alojamiento y tecnolog\u00eda<\/h3>\n<p data-start=\"2194\" data-end=\"2399\">Este sitio web es propiedad y est\u00e1 gestionado t\u00e9cnicamente por <a href=\"https:\/\/surver.nl\" target=\"_blank\" rel=\"noopener\">Surver B.V.<\/a>. Surver proporciona un alojamiento seguro y una correcta implementaci\u00f3n de la gesti\u00f3n de cookies de acuerdo con la legislaci\u00f3n aplicable.<\/p>\n<h3 data-start=\"2406\" data-end=\"2420\">5. \u00bfPreguntas?<\/h3>\n<p data-start=\"2422\" data-end=\"2528\">Si tiene preguntas sobre nuestro uso de cookies, p\u00f3ngase en contacto con Surver B.V. en support@surver.nl.<\/p>\n<\/div>\n\t\t\t\t\t\t<\/div>\n\t\t\t\t<\/div>\n\t\t\t\t<\/div>\n\t\t\t\t\t<\/div>\n\t\t\t\t<\/div>\n\t\t\t\t<\/div>","protected":false},"excerpt":{"rendered":"","protected":false},"author":1,"featured_media":0,"parent":0,"menu_order":0,"comment_status":"closed","ping_status":"closed","template":"","meta":{"_acf_changed":false,"footnotes":""},"class_list":["post-1735","page","type-page","status-publish","hentry"],"blocksy_meta":[],"acf":[],"_links":{"self":[{"href":"https:\/\/stage.safe-academy.org\/es\/wp-json\/wp\/v2\/pages\/1735","targetHints":{"allow":["GET"]}}],"collection":[{"href":"https:\/\/stage.safe-academy.org\/es\/wp-json\/wp\/v2\/pages"}],"about":[{"href":"https:\/\/stage.safe-academy.org\/es\/wp-json\/wp\/v2\/types\/page"}],"author":[{"embeddable":true,"href":"https:\/\/stage.safe-academy.org\/es\/wp-json\/wp\/v2\/users\/1"}],"replies":[{"embeddable":true,"href":"https:\/\/stage.safe-academy.org\/es\/wp-json\/wp\/v2\/comments?post=1735"}],"version-history":[{"count":10,"href":"https:\/\/stage.safe-academy.org\/es\/wp-json\/wp\/v2\/pages\/1735\/revisions"}],"predecessor-version":[{"id":2200,"href":"https:\/\/stage.safe-academy.org\/es\/wp-json\/wp\/v2\/pages\/1735\/revisions\/2200"}],"wp:attachment":[{"href":"https:\/\/stage.safe-academy.org\/es\/wp-json\/wp\/v2\/media?parent=1735"}],"curies":[{"name":"wp","href":"https:\/\/api.w.org\/{rel}","templated":true}]}}